{"id":3984,"date":"2026-03-08T17:40:11","date_gmt":"2026-03-08T17:40:11","guid":{"rendered":"https:\/\/mindful-peace.de\/zh\/?page_id=3984"},"modified":"2026-03-19T06:41:39","modified_gmt":"2026-03-19T06:41:39","slug":"about-html","status":"publish","type":"page","link":"https:\/\/mindful-peace.de\/de\/about-html\/","title":{"rendered":"about html"},"content":{"rendered":"<div data-spectra-id=\"spectra-1c188b0c-92bf-433f-bbcb-63e8e9d3ae9e\"\tstyle=\"overflow: visible; --spectra-background-color: var(--ast-global-color-7); --spectra-overlay-opacity: 0.5;\" class=\"spectra-is-root-container alignfull spectra-overlay-color spectra-overflow spectra-background-color spectra-dim-ratio wp-block-spectra-container\" data-orientation=\"vertical\"\t>\n\t\n\t<h1 data-spectra-id=\"spectra-48917e8b-341a-45b7-a904-5f023b72a291\" style=\"--spectra-text-color: #ffffff\" class=\"has-text-color spectra-text-color wp-block-spectra-content has-text-color has-ffffff-color\">\n\t\t\u00dcber uns\t<\/h1>\n\n<\/div>\n\n\n<div data-spectra-id=\"spectra-a3e888ab-24df-4caf-bb43-e3823a99f175\"\tstyle=\"overflow: visible;\" class=\"spectra-is-root-container alignfull spectra-overlay-color spectra-overflow wp-block-spectra-container\" data-orientation=\"vertical\"\t>\n\t<\/div>\n\n\n\n<!-- Unsere Mission - Haupt\u00fcberschrift (zentriert) -->\n<div style=\"text-align: center; margin-bottom: clamp(25px, 4vw, 35px);\">\n    <h5 style=\"font-size: clamp(11px, 2.2vw, 14px); font-weight: 400; color: #82c1eb; letter-spacing: 1.5px; text-transform: uppercase; margin: 0 0 clamp(5px, 1vw, 8px) 0; opacity: 0.8;\">Unsere Mission<\/h5>\n    <h2 style=\"font-size: clamp(28px, 5vw, 42px); font-weight: 300; color: #505051; letter-spacing: -0.02em; margin: 0; line-height: 1.2;\">Meditationsgemeinschaft Deutschland<\/h2>\n<\/div>\n\n<!-- Missionsbeschreibung Karte -->\n<div style=\"background: #ffffff; border-radius: clamp(25px, 5vw, 40px); padding: clamp(25px, 5vw, 40px); margin-bottom: clamp(25px, 4vw, 30px); box-shadow: 0 20px 40px -20px rgba(130,193,235,0.15); transition: all 0.4s cubic-bezier(0.2, 0, 0, 1); border: none; position: relative; overflow: hidden; width:100%; max-width:100%; box-sizing:border-box;\" onmouseover=\"this.style.boxShadow='0 30px 60px -25px rgba(130,193,235,0.25)'; this.style.transform='translateY(-3px)';\" onmouseout=\"this.style.boxShadow='0 20px 40px -20px rgba(130,193,235,0.15)'; this.style.transform='translateY(0)';\">\n    \n    <!-- Einspaltiges Missionslayout - vertikale Anordnung -->\n    <div style=\"display: flex; flex-direction: column; gap: clamp(25px, 4vw, 35px); margin-bottom: clamp(25px, 4vw, 35px);\">\n        \n        <!-- Mission 1 -->\n        <div style=\"text-align: center; max-width: 600px; margin: 0 auto; width:100%;\">\n            <div style=\"width: clamp(56px, 8vw, 64px); height: clamp(56px, 8vw, 64px); background: #f7fafd; border-radius: 50%; display: flex; align-items: center; justify-content: center; margin: 0 auto clamp(15px, 2.5vw, 20px) auto;\">\n                <svg width=\"clamp(28px, 4vw, 32px)\" height=\"clamp(28px, 4vw, 32px)\" viewBox=\"0 0 24 24\" fill=\"none\" xmlns=\"http:\/\/www.w3.org\/2000\/svg\">\n                    <path d=\"M12 4L20 8L12 12L4 8L12 4Z\" stroke=\"#82c1eb\" stroke-width=\"1.5\" stroke-linejoin=\"round\" fill=\"none\"\/>\n                    <path d=\"M4 12L12 16L20 12\" stroke=\"#82c1eb\" stroke-width=\"1.5\" stroke-linejoin=\"round\" fill=\"none\"\/>\n                    <path d=\"M4 16L12 20L20 16\" stroke=\"#82c1eb\" stroke-width=\"1.5\" stroke-linejoin=\"round\" fill=\"none\"\/>\n                    <circle cx=\"12\" cy=\"8\" r=\"1\" fill=\"#d3edfb\"\/>\n                <\/svg>\n            <\/div>\n            <p style=\"font-size: clamp(16px, 2.5vw, 17px); line-height: 1.7; color: #505051; margin: 0; font-weight: 350;\">Die Weisheitskultur des Buddhismus f\u00f6rdern und mehr Menschen den praktischen Wert der Achtsamkeit n\u00e4herbringen.<\/p>\n        <\/div>\n        \n        <!-- Mission 2 -->\n        <div style=\"text-align: center; max-width: 600px; margin: 0 auto; width:100%;\">\n            <div style=\"width: clamp(56px, 8vw, 64px); height: clamp(56px, 8vw, 64px); background: #f7fafd; border-radius: 50%; display: flex; align-items: center; justify-content: center; margin: 0 auto clamp(15px, 2.5vw, 20px) auto;\">\n                <svg width=\"clamp(28px, 4vw, 32px)\" height=\"clamp(28px, 4vw, 32px)\" viewBox=\"0 0 24 24\" fill=\"none\" xmlns=\"http:\/\/www.w3.org\/2000\/svg\">\n                    <circle cx=\"12\" cy=\"12\" r=\"8\" stroke=\"#82c1eb\" stroke-width=\"1.5\" fill=\"none\"\/>\n                    <path d=\"M12 6V12L15 15\" stroke=\"#82c1eb\" stroke-width=\"1.5\" stroke-linecap=\"round\"\/>\n                    <circle cx=\"18\" cy=\"6\" r=\"1\" fill=\"#d3edfb\"\/>\n                    <circle cx=\"6\" cy=\"18\" r=\"1\" fill=\"#d3edfb\"\/>\n                <\/svg>\n            <\/div>\n            <p style=\"font-size: clamp(16px, 2.5vw, 17px); line-height: 1.7; color: #505051; margin: 0; font-weight: 350;\">Einen achtsamen Lebensstil etablieren und Menschen helfen, allt\u00e4gliche Herausforderungen mit Mitgef\u00fchl und Weisheit zu meistern.<\/p>\n        <\/div>\n        \n        <!-- Mission 3 -->\n        <div style=\"text-align: center; max-width: 600px; margin: 0 auto; width:100%;\">\n            <div style=\"width: clamp(56px, 8vw, 64px); height: clamp(56px, 8vw, 64px); background: #f7fafd; border-radius: 50%; display: flex; align-items: center; justify-content: center; margin: 0 auto clamp(15px, 2.5vw, 20px) auto;\">\n                <svg width=\"clamp(28px, 4vw, 32px)\" height=\"clamp(28px, 4vw, 32px)\" viewBox=\"0 0 24 24\" fill=\"none\" xmlns=\"http:\/\/www.w3.org\/2000\/svg\">\n                    <path d=\"M3 12L5 10L8 13L12 9L16 13L19 10L21 12\" stroke=\"#82c1eb\" stroke-width=\"1.5\" stroke-linecap=\"round\" stroke-linejoin=\"round\" fill=\"none\"\/>\n                    <circle cx=\"12\" cy=\"6\" r=\"1\" fill=\"#d3edfb\"\/>\n                    <circle cx=\"18\" cy=\"15\" r=\"1\" fill=\"#d3edfb\"\/>\n                <\/svg>\n            <\/div>\n            <p style=\"font-size: clamp(16px, 2.5vw, 17px); line-height: 1.7; color: #505051; margin: 0; font-weight: 350;\">Eine Br\u00fccke zwischen \u00f6stlicher und westlicher Kultur bauen und zu ganzheitlichem Wohlbefinden sowie gesellschaftlicher Harmonie beitragen.<\/p>\n        <\/div>\n    <\/div>\n    \n    <!-- Detaillierte Beschreibung (ohne Trennlinie) -->\n    <p style=\"color: #505051; font-size: clamp(15px, 2.5vw, 17px); line-height: 1.8; font-weight: 350; margin: 0; text-align: center; max-width: 700px; margin-left: auto; margin-right: auto;\">\n        In der schnelllebigen modernen Welt m\u00f6chten wir die Suche nach der &#8220;inneren Stille&#8221; wiederbeleben. Ob es der Druck am Arbeitsplatz ist, famili\u00e4re Verpflichtungen oder kulturelle Unterschiede \u2013 wir glauben, dass jeder Mensch einen Raum braucht, um zu seinem urspr\u00fcnglichen Herzen zur\u00fcckzufinden. Unser Ziel ist es, in Deutschland eine klare, geordnete und von Weisheit und Mitgef\u00fchl erf\u00fcllte geistige Gemeinschaft zu schaffen. Diese Gemeinschaft ist Zuhause, \u00dcbungsort und ein sicherer Hafen zugleich.\n    <\/p>\n<\/div>\n\n\n\n<!-- Mitgef\u00fchl, Weisheit, Harmonie, Ehrfurcht \u00b7 Gemeinsame Praxis der Vier Herzen -->\n<div style=\"padding: clamp(40px, 8vw, 100px) 20px; width:100%; max-width:100%; box-sizing:border-box;\">\n    <div style=\"max-width: 800px; border-radius: 48px; margin: 0 auto; width:100%;\">\n        \n        <!-- Unsere Leitidee - Titel -->\n        <div style=\"text-align: center; margin-bottom: clamp(30px, 6vw, 60px);\">\n            <span style=\"display: inline-block; font-size: clamp(11px, 2.2vw, 14px); letter-spacing: 4px; color: #82c1eb; margin-bottom: clamp(10px, 2vw, 15px); font-weight: 400; text-transform: uppercase;\">Unsere Leitidee<\/span>\n            <h4 style=\"font-size: clamp(24px, 5vw, 36px); font-weight: 350; color: #505051; margin: 0; line-height: 1.3;\">Mitgef\u00fchl, Weisheit, Harmonie, Ehrfurcht \u00b7 Gemeinsame Praxis der Vier Herzen<\/h4>\n        <\/div>\n        \n        <!-- Einspaltiges Layout - immer vertikal -->\n        <div style=\"display: flex; flex-direction: column; gap: clamp(20px, 4vw, 30px); margin-top: clamp(20px, 5vw, 40px); width:100%;\">\n            \n            <!-- Karte: Mitgef\u00fchl -->\n            <div style=\"background: white; border-radius: clamp(18px, 4vw, 24px); padding: clamp(25px, 5vw, 35px); box-shadow: 0 10px 30px -15px rgba(130,193,235,0.2); border: 1px solid rgba(174,216,244,0.3); transition: all 0.3s ease; text-align: center; position: relative; overflow: hidden; width:100%; box-sizing:border-box;\"\n                 onmouseover=\"this.style.transform='translateY(-5px)'; this.style.boxShadow='0 25px 40px -15px rgba(130,193,235,0.4)'; this.style.borderColor='#82c1eb';\"\n                 onmouseout=\"this.style.transform='translateY(0)'; this.style.boxShadow='0 10px 30px -15px rgba(130,193,235,0.2)'; this.style.borderColor='rgba(174,216,244,0.3)';\">\n                <div style=\"position: absolute; top: 0; left: 0; width: 100%; height: 4px; background: linear-gradient(90deg, #d3edfb, #82c1eb); opacity: 0; transition: opacity 0.3s ease;\"\n                     onmouseover=\"this.style.opacity='1'\"\n                     onmouseout=\"this.style.opacity='0'\"><\/div>\n                <div style=\"width: clamp(56px, 10vw, 64px); height: clamp(56px, 10vw, 64px); background: #d3edfb; border-radius: 50%; display: flex; align-items: center; justify-content: center; margin: 0 auto clamp(15px, 2.5vw, 20px); color: #505051; font-size: clamp(26px, 5vw, 32px); font-weight: 300; border: 1px solid #aed8f4;\">\u60b2<\/div>\n                <p style=\"font-size: clamp(15px, 2.5vw, 16px); font-weight: 300; color: #6c6c6d; line-height: 1.8; margin: 0; max-width: 500px; margin-left: auto; margin-right: auto;\">Sich selbst und anderen mit einem mitf\u00fchlenden Herzen begegnen.<\/p>\n                <div style=\"width: 40px; height: 1px; background: #d3edfb; margin: 20px auto 0;\"><\/div>\n            <\/div>\n            \n            <!-- Karte: Weisheit -->\n            <div style=\"background: white; border-radius: clamp(18px, 4vw, 24px); padding: clamp(25px, 5vw, 35px); box-shadow: 0 10px 30px -15px rgba(130,193,235,0.2); border: 1px solid rgba(174,216,244,0.3); transition: all 0.3s ease; text-align: center; position: relative; overflow: hidden; width:100%; box-sizing:border-box;\"\n                 onmouseover=\"this.style.transform='translateY(-5px)'; this.style.boxShadow='0 25px 40px -15px rgba(130,193,235,0.4)'; this.style.borderColor='#82c1eb';\"\n                 onmouseout=\"this.style.transform='translateY(0)'; this.style.boxShadow='0 10px 30px -15px rgba(130,193,235,0.2)'; this.style.borderColor='rgba(174,216,244,0.3)';\">\n                <div style=\"position: absolute; top: 0; left: 0; width: 100%; height: 4px; background: linear-gradient(90deg, #d3edfb, #82c1eb); opacity: 0; transition: opacity 0.3s ease;\"\n                     onmouseover=\"this.style.opacity='1'\"\n                     onmouseout=\"this.style.opacity='0'\"><\/div>\n                <div style=\"width: clamp(56px, 10vw, 64px); height: clamp(56px, 10vw, 64px); background: #d3edfb; border-radius: 50%; display: flex; align-items: center; justify-content: center; margin: 0 auto clamp(15px, 2.5vw, 20px); color: #505051; font-size: clamp(26px, 5vw, 32px); font-weight: 300; border: 1px solid #aed8f4;\">\u667a<\/div>\n                <p style=\"font-size: clamp(15px, 2.5vw, 16px); font-weight: 300; color: #6c6c6d; line-height: 1.8; margin: 0; max-width: 500px; margin-left: auto; margin-right: auto;\">Die Entscheidungen im Leben mit der Klarheit der Weisheit leiten.<\/p>\n                <div style=\"width: 40px; height: 1px; background: #d3edfb; margin: 20px auto 0;\"><\/div>\n            <\/div>\n            \n            <!-- Karte: Harmonie -->\n            <div style=\"background: white; border-radius: clamp(18px, 4vw, 24px); padding: clamp(25px, 5vw, 35px); box-shadow: 0 10px 30px -15px rgba(130,193,235,0.2); border: 1px solid rgba(174,216,244,0.3); transition: all 0.3s ease; text-align: center; position: relative; overflow: hidden; width:100%; box-sizing:border-box;\"\n                 onmouseover=\"this.style.transform='translateY(-5px)'; this.style.boxShadow='0 25px 40px -15px rgba(130,193,235,0.4)'; this.style.borderColor='#82c1eb';\"\n                 onmouseout=\"this.style.transform='translateY(0)'; this.style.boxShadow='0 10px 30px -15px rgba(130,193,235,0.2)'; this.style.borderColor='rgba(174,216,244,0.3)';\">\n                <div style=\"position: absolute; top: 0; left: 0; width: 100%; height: 4px; background: linear-gradient(90deg, #d3edfb, #82c1eb); opacity: 0; transition: opacity 0.3s ease;\"\n                     onmouseover=\"this.style.opacity='1'\"\n                     onmouseout=\"this.style.opacity='0'\"><\/div>\n                <div style=\"width: clamp(56px, 10vw, 64px); height: clamp(56px, 10vw, 64px); background: #d3edfb; border-radius: 50%; display: flex; align-items: center; justify-content: center; margin: 0 auto clamp(15px, 2.5vw, 20px); color: #505051; font-size: clamp(26px, 5vw, 32px); font-weight: 300; border: 1px solid #aed8f4;\">\u548c<\/div>\n                <p style=\"font-size: clamp(15px, 2.5vw, 16px); font-weight: 300; color: #6c6c6d; line-height: 1.8; margin: 0; max-width: 500px; margin-left: auto; margin-right: auto;\">Inneres Gleichgewicht, famili\u00e4re Harmonie und zwischenmenschliches Wohlwollen.<\/p>\n                <div style=\"width: 40px; height: 1px; background: #d3edfb; margin: 20px auto 0;\"><\/div>\n            <\/div>\n            \n            <!-- Karte: Ehrfurcht -->\n            <div style=\"background: white; border-radius: clamp(18px, 4vw, 24px); padding: clamp(25px, 5vw, 35px); box-shadow: 0 10px 30px -15px rgba(130,193,235,0.2); border: 1px solid rgba(174,216,244,0.3); transition: all 0.3s ease; text-align: center; position: relative; overflow: hidden; width:100%; box-sizing:border-box;\"\n                 onmouseover=\"this.style.transform='translateY(-5px)'; this.style.boxShadow='0 25px 40px -15px rgba(130,193,235,0.4)'; this.style.borderColor='#82c1eb';\"\n                 onmouseout=\"this.style.transform='translateY(0)'; this.style.boxShadow='0 10px 30px -15px rgba(130,193,235,0.2)'; this.style.borderColor='rgba(174,216,244,0.3)';\">\n                <div style=\"position: absolute; top: 0; left: 0; width: 100%; height: 4px; background: linear-gradient(90deg, #d3edfb, #82c1eb); opacity: 0; transition: opacity 0.3s ease;\"\n                     onmouseover=\"this.style.opacity='1'\"\n                     onmouseout=\"this.style.opacity='0'\"><\/div>\n                <div style=\"width: clamp(56px, 10vw, 64px); height: clamp(56px, 10vw, 64px); background: #d3edfb; border-radius: 50%; display: flex; align-items: center; justify-content: center; margin: 0 auto clamp(15px, 2.5vw, 20px); color: #505051; font-size: clamp(26px, 5vw, 32px); font-weight: 300; border: 1px solid #aed8f4;\">\u656c<\/div>\n                <p style=\"font-size: clamp(15px, 2.5vw, 16px); font-weight: 300; color: #6c6c6d; line-height: 1.8; margin: 0; max-width: 500px; margin-left: auto; margin-right: auto;\">Ehrfurcht vor dem Leben, Respekt f\u00fcr die Natur und Wertsch\u00e4tzung der Kultur.<\/p>\n                <div style=\"width: 40px; height: 1px; background: #d3edfb; margin: 20px auto 0;\"><\/div>\n            <\/div>\n        <\/div>\n    <\/div>\n<\/div>\n\n<!-- \"Unsere geistige Heimat\" Block - Responsive Version -->\n<div style=\"background: linear-gradient(135deg, #ffffff 0%, #f9fbfd 100%); padding: clamp(40px, 8vw, 80px) 20px; border-radius: clamp(18px, 4vw, 24px); width:100%; max-width:100%; box-sizing:border-box; font-family: 'Noto Serif SC', 'Times New Roman', serif;\">\n    <div style=\"max-width: 800px; margin: 0 auto; text-align: center; width:100%;\">\n        <span style=\"display: inline-block; font-size: clamp(11px, 2.2vw, 14px); letter-spacing: 4px; color: #82c1eb; margin-bottom: clamp(15px, 3vw, 20px); font-weight: 400; text-transform: uppercase;\">Unsere geistige Heimat<\/span>\n        \n        <div style=\"margin: clamp(20px, 5vw, 40px) 0;\">\n            <p style=\"font-size: clamp(16px, 3vw, 18px); font-weight: 300; color: #505051; line-height: 2.2; margin: 0 0 8px; word-wrap:break-word;\">F\u00fcr Chinesen fern der Heimat \u2013 eine Br\u00fccke zu Kultur und Geist<\/p>\n            <p style=\"font-size: clamp(16px, 3vw, 18px); font-weight: 300; color: #505051; line-height: 2.2; margin: 0 0 8px; word-wrap:break-word;\">F\u00fcr alle, die K\u00f6rper und Geist erforschen \u2013 ein Tor zur \u00f6stlichen Weisheit<\/p>\n            <p style=\"font-size: clamp(16px, 3vw, 18px); font-weight: 300; color: #505051; line-height: 2.2; margin: 0 0 20px; word-wrap:break-word;\">F\u00fcr jedes m\u00fcde Herz \u2013 ein stiller Ort der Zuflucht<\/p>\n        <\/div>\n        \n        <!-- Trennlinie -->\n        <div style=\"width: 60px; height: 2px; background: linear-gradient(90deg, #d3edfb, #82c1eb); margin: 20px auto;\"><\/div>\n        \n        <h3 style=\"font-size: clamp(22px, 5vw, 28px); font-weight: 350; color: #505051; margin: 25px 0 0; letter-spacing: 2px; word-wrap:break-word;\">Wo das Herz zur Ruhe kommt, ist die Heimat<\/h3>\n        \n        <!-- Dekorative Anf\u00fchrungszeichen -->\n        <div style=\"font-size: clamp(40px, 10vw, 60px); color: #d3edfb; opacity: 0.3; margin-top: 15px;\">&#8220;<\/div>\n    <\/div>\n<\/div>\n\n\n\n<div style=\" padding: 80px 20px; font-family: 'Noto Serif SC', 'Times New Roman', serif;\">\n    <div style=\"max-width: 600px; margin: 0 auto; text-align: center; background: #f9fbfd; border-radius: 48px; padding: 60px 40px; box-shadow: 0 20px 40px -20px rgba(130,193,235,0.3); position: relative; overflow: hidden;\">\n        <!-- Hintergrunddekor -->\n        <div style=\"position: absolute; top: -30px; right: -30px; width: 150px; height: 150px; background: #d3edfb; border-radius: 50%; opacity: 0.2;\"><\/div>\n        <div style=\"position: absolute; bottom: -30px; left: -30px; width: 150px; height: 150px; background: #aed8f4; border-radius: 50%; opacity: 0.2;\"><\/div>\n        \n        <div style=\"position: relative; z-index: 2;\">\n            <span style=\"display: inline-block; font-size: 14px; letter-spacing: 4px; color: #82c1eb; margin-bottom: 15px; font-weight: 400; text-transform: uppercase;\">Mach mit<\/span>\n            <h3 style=\"font-size: 32px; font-weight: 350; color: #505051; margin: 0 0 30px; letter-spacing: 1px;\">Tritt der Meditationsakademie bei<\/h3>\n            <p style=\"font-size: 16px; font-weight: 300; color: #6c6c6d; margin-bottom: 40px; line-height: 1.8;\">Beginne ein achtsames Leben und finde innere Ruhe in einer lauten Welt.<\/p>\n            \n            <!-- Button -->\n            <a href=\"#\" style=\"display: inline-block; padding: 15px 45px; background: #82c1eb; color: #ffffff; text-decoration: none; border-radius: 40px; font-size: 16px; font-weight: 350; letter-spacing: 2px; transition: all 0.3s ease; border: none; box-shadow: 0 5px 15px rgba(130,193,235,0.3);\"\n               onmouseover=\"this.style.background='#aed8f4'; this.style.color='#505051'; this.style.transform='translateY(-2px)'; this.style.boxShadow='0 8px 20px rgba(130,193,235,0.4)';\"\n               onmouseout=\"this.style.background='#82c1eb'; this.style.color='#ffffff'; this.style.transform='translateY(0)'; this.style.boxShadow='0 5px 15px rgba(130,193,235,0.3';\">Mehr erfahren<\/a>\n        <\/div>\n    <\/div>\n<\/div>\n","protected":false},"excerpt":{"rendered":"<p>Unsere Mission Meditationsgemeinschaft Deutschland Die Weisheitskultur des Buddhismus f\u00f6rdern und mehr Menschen den praktischen Wert der Achtsamkeit n\u00e4herbringen. Einen achtsamen Lebensstil etablieren und Menschen helfen, allt\u00e4gliche Herausforderungen mit Mitgef\u00fchl und Weisheit zu meistern. Eine Br\u00fccke zwischen \u00f6stlicher und westlicher Kultur bauen und zu ganzheitlichem Wohlbefinden sowie gesellschaftlicher Harmonie beitragen. In der schnelllebigen modernen Welt m\u00f6chten [&hellip;]<\/p>\n","protected":false},"author":1,"featured_media":0,"parent":0,"menu_order":0,"comment_status":"closed","ping_status":"closed","template":"","meta":{"_uag_custom_page_level_css":"","site-sidebar-layout":"no-sidebar","site-content-layout":"plain-container","ast-site-content-layout":"normal-width-container","site-content-style":"unboxed","site-sidebar-style":"unboxed","ast-global-header-display":"","ast-banner-title-visibility":"","ast-main-header-display":"","ast-hfb-above-header-display":"","ast-hfb-below-header-display":"","ast-hfb-mobile-header-display":"","site-post-title":"disabled","ast-breadcrumbs-content":"","ast-featured-img":"disabled","footer-sml-layout":"","ast-disable-related-posts":"","theme-transparent-header-meta":"enabled","adv-header-id-meta":"","stick-header-meta":"","header-above-stick-meta":"","header-main-stick-meta":"","header-below-stick-meta":"","astra-migrate-meta-layouts":"set","ast-page-background-enabled":"default","ast-page-background-meta":{"desktop":{"background-color":"","background-image":"","background-repeat":"repeat","background-position":"center center","background-size":"auto","background-attachment":"scroll","background-type":"","background-media":"","overlay-type":"","overlay-color":"","overlay-opacity":"","overlay-gradient":""},"tablet":{"background-color":"","background-image":"","background-repeat":"repeat","background-position":"center center","background-size":"auto","background-attachment":"scroll","background-type":"","background-media":"","overlay-type":"","overlay-color":"","overlay-opacity":"","overlay-gradient":""},"mobile":{"background-color":"","background-image":"","background-repeat":"repeat","background-position":"center center","background-size":"auto","background-attachment":"scroll","background-type":"","background-media":"","overlay-type":"","overlay-color":"","overlay-opacity":"","overlay-gradient":""}},"ast-content-background-meta":{"desktop":{"background-color":"var(--ast-global-color-5)","background-image":"","background-repeat":"repeat","background-position":"center center","background-size":"auto","background-attachment":"scroll","background-type":"","background-media":"","overlay-type":"","overlay-color":"","overlay-opacity":"","overlay-gradient":""},"tablet":{"background-color":"var(--ast-global-color-5)","background-image":"","background-repeat":"repeat","background-position":"center center","background-size":"auto","background-attachment":"scroll","background-type":"","background-media":"","overlay-type":"","overlay-color":"","overlay-opacity":"","overlay-gradient":""},"mobile":{"background-color":"var(--ast-global-color-5)","background-image":"","background-repeat":"repeat","background-position":"center center","background-size":"auto","background-attachment":"scroll","background-type":"","background-media":"","overlay-type":"","overlay-color":"","overlay-opacity":"","overlay-gradient":""}},"footnotes":""},"class_list":["post-3984","page","type-page","status-publish","hentry"],"_hostinger_reach_plugin_has_subscription_block":false,"_hostinger_reach_plugin_is_elementor":false,"uagb_featured_image_src":{"full":false,"thumbnail":false,"medium":false,"medium_large":false,"large":false,"1536x1536":false,"2048x2048":false},"uagb_author_info":{"display_name":"mindfulpeacegermany@gmail.com","author_link":"https:\/\/mindful-peace.de\/de\/author\/mindfulpeacegermanygmail-com\/"},"uagb_comment_info":0,"uagb_excerpt":"Unsere Mission Meditationsgemeinschaft Deutschland Die Weisheitskultur des Buddhismus f\u00f6rdern und mehr Menschen den praktischen Wert der Achtsamkeit n\u00e4herbringen. Einen achtsamen Lebensstil etablieren und Menschen helfen, allt\u00e4gliche Herausforderungen mit Mitgef\u00fchl und Weisheit zu meistern. Eine Br\u00fccke zwischen \u00f6stlicher und westlicher Kultur bauen und zu ganzheitlichem Wohlbefinden sowie gesellschaftlicher Harmonie beitragen. In der schnelllebigen modernen Welt m\u00f6chten&hellip;","jetpack_sharing_enabled":true,"_links":{"self":[{"href":"https:\/\/mindful-peace.de\/de\/wp-json\/wp\/v2\/pages\/3984","targetHints":{"allow":["GET"]}}],"collection":[{"href":"https:\/\/mindful-peace.de\/de\/wp-json\/wp\/v2\/pages"}],"about":[{"href":"https:\/\/mindful-peace.de\/de\/wp-json\/wp\/v2\/types\/page"}],"author":[{"embeddable":true,"href":"https:\/\/mindful-peace.de\/de\/wp-json\/wp\/v2\/users\/1"}],"replies":[{"embeddable":true,"href":"https:\/\/mindful-peace.de\/de\/wp-json\/wp\/v2\/comments?post=3984"}],"version-history":[{"count":21,"href":"https:\/\/mindful-peace.de\/de\/wp-json\/wp\/v2\/pages\/3984\/revisions"}],"predecessor-version":[{"id":4881,"href":"https:\/\/mindful-peace.de\/de\/wp-json\/wp\/v2\/pages\/3984\/revisions\/4881"}],"wp:attachment":[{"href":"https:\/\/mindful-peace.de\/de\/wp-json\/wp\/v2\/media?parent=3984"}],"curies":[{"name":"wp","href":"https:\/\/api.w.org\/{rel}","templated":true}]}}